{"id":62,"date":"2014-07-29T15:10:17","date_gmt":"2014-07-29T13:10:17","guid":{"rendered":"http:\/\/hundemix.no\/?page_id=62"},"modified":"2020-05-20T13:54:44","modified_gmt":"2020-05-20T11:54:44","slug":"forside-2","status":"publish","type":"page","link":"https:\/\/hundemix.no\/","title":{"rendered":"Hundet\u00f8rrfisk"},"content":{"rendered":"<h4><strong>Kvalitetst\u00f8rrfisk\u00a0til hund laget av torsk.<\/strong><\/h4>\n<p>Her kan du kj\u00f8pe t\u00f8rrfisk til hunden din og f\u00e5 den sendt i posten. Vi produserer t\u00f8rrfisk til din firbeinte venn av den beste t\u00f8rrfisken som er p\u00e5 markedet &#8211; nemlig Skrei fra Lofoten. Fisken er 100 % naturlig, alts\u00e5 ingen tilsetningsstoffer. Vi har flere varianter du kan velge mellom ut fra rase og type hund du har. Fiskestykkene lukter lite og er pakket i poser.<br \/>\nHundet\u00f8rrfisk er et sunt alternativ for hunden din. Den inneholder mange gode n\u00e6ringsstoffer og lite fett. T\u00f8rrfisken gir glans til pelsen og forebygger tannstein.<br \/>\nFisken egner seg godt til bel\u00f8nning, eller som et kosttilskudd etter \u00e5 ha spist annen hundemat.<\/p>\n<h4 style=\"text-align: left;\"><strong>Vi leverer den beste fisken &#8211; fordi din gode venn fortjener det!<\/strong><\/h4>\n<h4><strong>G\u00e5 til nettbutikk for \u00e5 se v\u00e5re produkter<\/strong><\/h4>\n<div id=\"metaslider-id-12\" style=\"max-width: 700px;\" class=\"ml-slider-3-107-0 metaslider metaslider-coin metaslider-12 ml-slider has-dots-nav ms-theme-default\" role=\"region\" aria-label=\"Nytt lysbilde\" data-height=\"250\" data-width=\"700\">\n    <div id=\"metaslider_container_12\">\n        <div id='metaslider_12' class='coin-slider'>\n<a href=\"https:\/\/pmshop.no\/?wpsc_product_category=hundefisk\" target=\"_self\"><img loading=\"lazy\" decoding=\"async\" src=\"https:\/\/hundemix.no\/wp-content\/uploads\/2020\/05\/Gobit-700x250.jpg\" height=\"250\" width=\"700\" alt=\"\" class=\"slider-12 slide-558 msDefaultImage\" title=\"Gobit, t\u00f8rrfisk, stockfisk, hundet\u00f8rrfisk, t\u00f8rrfisk til hund\" style=\"display: none;\" \/><\/a>\n<a href=\"https:\/\/pmshop.no\/?wpsc_product_category=hundefisk\" target=\"_self\"><img loading=\"lazy\" decoding=\"async\" src=\"https:\/\/hundemix.no\/wp-content\/uploads\/2016\/02\/pinne2-700x250.jpg\" height=\"250\" width=\"700\" alt=\"\" class=\"slider-12 slide-559 msDefaultImage\" title=\"t\u00f8rrpinne, t\u00f8rrfisk, stockfisk, hundet\u00f8rrfisk, t\u00f8rrfisk til hund\" style=\"display: none;\" \/><\/a>\n<a href=\"https:\/\/pmshop.no\/?wpsc_product_category=hundefisk\" target=\"_self\"><img loading=\"lazy\" decoding=\"async\" src=\"https:\/\/hundemix.no\/wp-content\/uploads\/2020\/05\/Lykkebit-700x250.jpg\" height=\"250\" width=\"700\" alt=\"\" class=\"slider-12 slide-560 msDefaultImage\" title=\"Lykkebit, t\u00f8rrfisk, stockfisk, stokkfisk, hundet\u00f8rrfisk, t\u00f8rrfisk til hund\" style=\"display: none;\" \/><\/a>\n        <\/div>\n        \n    <\/div>\n<\/div>\n","protected":false},"excerpt":{"rendered":"<p>Kvalitetst\u00f8rrfisk\u00a0til hund laget av torsk. Her kan du kj\u00f8pe t\u00f8rrfisk til hunden din og f\u00e5 den sendt i posten. Vi produserer t\u00f8rrfisk til din firbeinte venn av den beste t\u00f8rrfisken som er p\u00e5 markedet &#8211; nemlig Skrei fra Lofoten. Fisken er 100 % naturlig, alts\u00e5 ingen tilsetningsstoffer. Vi har flere varianter du kan velge mellom [&hellip;]<\/p>\n","protected":false},"author":1,"featured_media":0,"parent":0,"menu_order":0,"comment_status":"closed","ping_status":"closed","template":"","meta":{"footnotes":""},"_links":{"self":[{"href":"https:\/\/hundemix.no\/index.php?rest_route=\/wp\/v2\/pages\/62"}],"collection":[{"href":"https:\/\/hundemix.no\/index.php?rest_route=\/wp\/v2\/pages"}],"about":[{"href":"https:\/\/hundemix.no\/index.php?rest_route=\/wp\/v2\/types\/page"}],"author":[{"embeddable":true,"href":"https:\/\/hundemix.no\/index.php?rest_route=\/wp\/v2\/users\/1"}],"replies":[{"embeddable":true,"href":"https:\/\/hundemix.no\/index.php?rest_route=%2Fwp%2Fv2%2Fcomments&post=62"}],"version-history":[{"count":216,"href":"https:\/\/hundemix.no\/index.php?rest_route=\/wp\/v2\/pages\/62\/revisions"}],"predecessor-version":[{"id":562,"href":"https:\/\/hundemix.no\/index.php?rest_route=\/wp\/v2\/pages\/62\/revisions\/562"}],"wp:attachment":[{"href":"https:\/\/hundemix.no\/index.php?rest_route=%2Fwp%2Fv2%2Fmedia&parent=62"}],"curies":[{"name":"wp","href":"https:\/\/api.w.org\/{rel}","templated":true}]}}